{"id":21445,"date":"2026-04-04T01:31:28","date_gmt":"2026-04-04T01:31:28","guid":{"rendered":"https:\/\/hpfashion.nl\/?post_type=product&#038;p=21445"},"modified":"2026-04-04T01:33:39","modified_gmt":"2026-04-04T01:33:39","slug":"fear-of-god-essentials-zomerset-1977-dark-oat-meal","status":"publish","type":"product","link":"https:\/\/hpfashion.nl\/de\/produkt\/fear-of-god-essentials-zomerset-1977-dark-oat-meal\/","title":{"rendered":"Fear Of God Essentials Zomerset 1977 Dark Oat Meal"},"content":{"rendered":"<p><strong>Topkwaliteit voor de beste prijs!<\/strong><\/p>\n<p><strong>Snelle levering:\u00a0<\/strong>Direct uit voorraad leverbaar. bestellingen worden 3 keer per week verzonden via PostNL (levertijd 2-3 werkdagen)<\/p>\n<p><strong>Track &amp; Trace:\u00a0<\/strong>Je ontvangt de track &amp; trace code automatisch per mail.<\/p>\n<p><strong>Eenvoudig retourneren:\u00a0<\/strong>Niet tevreden? Je kunt de schoenen binnen 7 dagen na ontvangst retourneren, mits deze ongedragen zijn. Na verwerking ontvang je een waardebon ter waarde van het aankoopbedrag excl verzend.<\/p>","protected":false},"excerpt":{"rendered":"<p><span style=\"color: #ff0000;\">Passt in \u00dcbergr\u00f6\u00dfe. Nehmen Sie eine Gr\u00f6\u00dfe kleiner! <\/span><\/p>","protected":false},"featured_media":21446,"comment_status":"open","ping_status":"closed","template":"","meta":[],"pwb-brand":[340],"product_brand":[],"product_cat":[251,314],"product_tag":[],"class_list":{"0":"post-21445","1":"product","2":"type-product","3":"status-publish","4":"has-post-thumbnail","6":"pwb-brand-fear-of-god","7":"product_cat-mannen","8":"product_cat-zomer-setjes","9":"product_shipping_class-schoenen","11":"first","12":"instock","13":"shipping-taxable","14":"purchasable","15":"product-type-variable"},"brands":[{"id":340,"name":"Furcht vor Gott","slug":"fear-of-god"}],"_links":{"self":[{"href":"https:\/\/hpfashion.nl\/de\/wp-json\/wp\/v2\/product\/21445","targetHints":{"allow":["GET"]}}],"collection":[{"href":"https:\/\/hpfashion.nl\/de\/wp-json\/wp\/v2\/product"}],"about":[{"href":"https:\/\/hpfashion.nl\/de\/wp-json\/wp\/v2\/types\/product"}],"replies":[{"embeddable":true,"href":"https:\/\/hpfashion.nl\/de\/wp-json\/wp\/v2\/comments?post=21445"}],"wp:featuredmedia":[{"embeddable":true,"href":"https:\/\/hpfashion.nl\/de\/wp-json\/wp\/v2\/media\/21446"}],"wp:attachment":[{"href":"https:\/\/hpfashion.nl\/de\/wp-json\/wp\/v2\/media?parent=21445"}],"wp:term":[{"taxonomy":"pwb-brand","embeddable":true,"href":"https:\/\/hpfashion.nl\/de\/wp-json\/wp\/v2\/pwb-brand?post=21445"},{"taxonomy":"product_brand","embeddable":true,"href":"https:\/\/hpfashion.nl\/de\/wp-json\/wp\/v2\/product_brand?post=21445"},{"taxonomy":"product_cat","embeddable":true,"href":"https:\/\/hpfashion.nl\/de\/wp-json\/wp\/v2\/product_cat?post=21445"},{"taxonomy":"product_tag","embeddable":true,"href":"https:\/\/hpfashion.nl\/de\/wp-json\/wp\/v2\/product_tag?post=21445"}],"curies":[{"name":"wp","href":"https:\/\/api.w.org\/{rel}","templated":true}]}}