{"id":17,"date":"2022-04-12T08:23:50","date_gmt":"2022-04-12T08:23:50","guid":{"rendered":"https:\/\/klbtheme.com\/clotya\/?page_id=17"},"modified":"2025-05-23T22:34:49","modified_gmt":"2025-05-23T22:34:49","slug":"refund_returns","status":"publish","type":"page","link":"https:\/\/hpfashion.nl\/de\/refund_returns\/","title":{"rendered":"Versand- und R\u00fcckgabebedingungen"},"content":{"rendered":"<style>\/*! elementor - v3.6.7 - 03-07-2022 *\/<br \/>\n.elementor-heading-title{padding:0;margin:0;line-height:1}.elementor-widget-heading .elementor-heading-title[class*=elementor-size-]>a{color:inherit;font-size:inherit;line-height:inherit}.elementor-widget-heading .elementor-heading-title.elementor-size-small{font-size:15px}.elementor-widget-heading .elementor-heading-title.elementor-size-medium{font-size:19px}.elementor-widget-heading .elementor-heading-title.elementor-size-large{font-size:29px}.elementor-widget-heading .elementor-heading-title.elementor-size-xl{font-size:39px}.elementor-widget-heading .elementor-heading-title.elementor-size-xxl{font-size:59px}<\/style>\n<h3>Versand- und R\u00fcckgabebedingungen<\/h3>\n<p>Bei High Paid Fashion sind wir bestrebt, unseren Kunden den bestm\u00f6glichen Service zu bieten. Deshalb versenden wir unsere hochwertigen Produkte direkt ab Lager und garantieren eine schnelle Lieferung innerhalb von 1-3 Werktagen.<\/p>\n<h3>R\u00fcckgabe<\/h3>\n<p>Wir verstehen, dass es manchmal notwendig ist, ein Produkt zur\u00fcckzugeben, und bieten unseren Kunden daher die M\u00f6glichkeit, die Bestellung innerhalb von 7 Tagen nach Erhalt der Bestellung zur\u00fcckzusenden. Die Schuhe\/Bekleidung muss ungetragen und in der Originalverpackung zur\u00fcckgeschickt werden. Nachdem Sie die Schuhe\/Kleidung erhalten haben, k\u00f6nnen Sie diese umtauschen. Im Ausverkauf gekaufte Produkte k\u00f6nnen wir nicht zur\u00fccknehmen oder umtauschen.<\/p>\n<p>Bei High Paid Fashion garantieren wir unseren Kunden Qualit\u00e4tsprodukte. Sollten Sie dennoch mit Ihrem Kauf nicht zufrieden sein, bieten wir Ihnen die M\u00f6glichkeit, die Schuhe innerhalb von 1 Woche nach Erhalt der Bestellung zur\u00fcckzugeben. Die Schuhe m\u00fcssen ungetragen und in der Originalverpackung zur\u00fcckgeschickt werden. Nach Erhalt der Schuhe wird der Betrag f\u00fcr die Turnschuhe auf Ihr Konto zur\u00fcckerstattet.<\/p>\n<h3>Lieferfrist<\/h3>\n<p>Wir bem\u00fchen uns, Bestellungen so schnell wie m\u00f6glich zu liefern. Die Bestellungen werden in der Regel am n\u00e4chsten Tag zugestellt, aber das h\u00e4ngt davon ab, wie ausgelastet die PostNL ist. Sollte sich Ihre Bestellung verz\u00f6gern, setzen wir uns mit Ihnen in Verbindung, um Sie \u00fcber die voraussichtliche Lieferzeit zu informieren.<\/p>\n<p>Wir sind nicht verantwortlich f\u00fcr Verz\u00f6gerungen bei der Lieferung durch PostNL oder andere Kurierdienste. Sollte sich Ihre Bestellung verz\u00f6gern, wenden Sie sich bitte an unseren Kundenservice. Wir werden unser Bestes tun, um das Problem zu l\u00f6sen und Ihnen Ihre Bestellung so schnell wie m\u00f6glich zuzustellen.<\/p>\n<h3>Brauchen Sie Hilfe?<\/h3>\n<p>Wenden Sie sich bei Fragen zu Erstattungen und R\u00fcckgaben an info@highpaidfashion.eu.<\/p>","protected":false},"excerpt":{"rendered":"<p>Verzend- en retourbeleid Bij High Paid Fashion streven we ernaar om onze klanten de best mogelijke service te bieden. Daarom verzenden wij onze hoogwaardige producten direct uit voorraad en zorgen we voor een snelle levering binnen 1-3 werkdagen. Retouren Wij begrijpen dat het soms nodig is om een product te retourneren en daarom bieden wij [&hellip;]<\/p>","protected":false},"author":1,"featured_media":0,"parent":0,"menu_order":0,"comment_status":"closed","ping_status":"closed","template":"","meta":{"footnotes":""},"class_list":["post-17","page","type-page","status-publish","hentry"],"jetpack_sharing_enabled":true,"_links":{"self":[{"href":"https:\/\/hpfashion.nl\/de\/wp-json\/wp\/v2\/pages\/17","targetHints":{"allow":["GET"]}}],"collection":[{"href":"https:\/\/hpfashion.nl\/de\/wp-json\/wp\/v2\/pages"}],"about":[{"href":"https:\/\/hpfashion.nl\/de\/wp-json\/wp\/v2\/types\/page"}],"author":[{"embeddable":true,"href":"https:\/\/hpfashion.nl\/de\/wp-json\/wp\/v2\/users\/1"}],"replies":[{"embeddable":true,"href":"https:\/\/hpfashion.nl\/de\/wp-json\/wp\/v2\/comments?post=17"}],"version-history":[{"count":0,"href":"https:\/\/hpfashion.nl\/de\/wp-json\/wp\/v2\/pages\/17\/revisions"}],"wp:attachment":[{"href":"https:\/\/hpfashion.nl\/de\/wp-json\/wp\/v2\/media?parent=17"}],"curies":[{"name":"wp","href":"https:\/\/api.w.org\/{rel}","templated":true}]}}